{"id":1213,"date":"2023-01-24T20:10:42","date_gmt":"2023-01-25T01:10:42","guid":{"rendered":"https:\/\/colbeauty.com.co\/?post_type=product&#038;p=1213"},"modified":"2025-07-04T12:09:13","modified_gmt":"2025-07-04T17:09:13","slug":"biretix-tri-active-spray-x100-ml","status":"publish","type":"product","link":"https:\/\/colbeauty.com.co\/?product=biretix-tri-active-spray-x100-ml","title":{"rendered":"Biretix Tri Active Spray X100 Ml"},"content":{"rendered":"<p>Spray corporal de f\u00e1cil aplicaci\u00f3n ideal para el acn\u00e9 en \u00e1reas extensas, ideal para reducir la proliferaci\u00f3n bacteriana del acn\u00e9, posee un poder anti inflamatorio, exfoliante y despigmentante. con el fin de reducir las secuelas del acn\u00e9.<\/p>\n<p>es ideal para controlar la producci\u00f3n sebacea y por su efecto exfoliante mejora la textura de la piel mientras corrige las imperfecciones corporales del acn\u00e9. rico en \u00e1cido glicolico y salic\u00edlico.<\/p>\n<p>Modo de empleo: Aplicar en el \u00e1rea afectada 1 o 2 veces por semana a tolerancia de la piel o seg\u00fan prescripci\u00f3n medica.<\/p>\n","protected":false},"excerpt":{"rendered":"<p>Spray corporal de f\u00e1cil aplicaci\u00f3n ideal para el acn\u00e9 en \u00e1reas extensas, ideal para reducir la proliferaci\u00f3n bacteriana del acn\u00e9, posee un poder anti inflamatorio, exfoliante y despigmentante. con el fin de reducir las secuelas del acn\u00e9.<\/p>\n<p>es ideal para controlar la producci\u00f3n sebacea y por su efecto exfoliante mejora la textura de la piel mientras corrige las imperfecciones corporales del acn\u00e9. rico en \u00e1cido glicolico y salic\u00edlico.<\/p>\n<p>Modo de empleo: Aplicar en el \u00e1rea afectada 1 o 2 veces por semana a tolerancia de la piel o seg\u00fan prescripci\u00f3n medica.<\/p>\n","protected":false},"featured_media":1214,"comment_status":"open","ping_status":"closed","template":"","meta":{"site-sidebar-layout":"default","site-content-layout":"default","ast-global-header-display":"","ast-main-header-display":"","ast-hfb-above-header-display":"","ast-hfb-below-header-display":"","ast-hfb-mobile-header-display":"","site-post-title":"","ast-breadcrumbs-content":"","ast-featured-img":"","footer-sml-layout":"","theme-transparent-header-meta":"default","adv-header-id-meta":"","stick-header-meta":"","header-above-stick-meta":"","header-main-stick-meta":"","header-below-stick-meta":""},"product_brand":[],"product_cat":[76,27],"product_tag":[31,28,30,33,32,29],"class_list":{"0":"post-1213","1":"product","2":"type-product","3":"status-publish","4":"has-post-thumbnail","6":"product_cat-cantabria-labs","7":"product_cat-tratamiento","8":"product_tag-acne","9":"product_tag-biretix","10":"product_tag-biretix-spray","11":"product_tag-colbeauty","12":"product_tag-skincare","13":"product_tag-spray-corporal","14":"desktop-align-left","15":"tablet-align-left","16":"mobile-align-left","18":"first","19":"outofstock","20":"sold-individually","21":"shipping-taxable","22":"purchasable","23":"product-type-simple"},"_links":{"self":[{"href":"https:\/\/colbeauty.com.co\/index.php?rest_route=\/wp\/v2\/product\/1213","targetHints":{"allow":["GET"]}}],"collection":[{"href":"https:\/\/colbeauty.com.co\/index.php?rest_route=\/wp\/v2\/product"}],"about":[{"href":"https:\/\/colbeauty.com.co\/index.php?rest_route=\/wp\/v2\/types\/product"}],"replies":[{"embeddable":true,"href":"https:\/\/colbeauty.com.co\/index.php?rest_route=%2Fwp%2Fv2%2Fcomments&post=1213"}],"wp:featuredmedia":[{"embeddable":true,"href":"https:\/\/colbeauty.com.co\/index.php?rest_route=\/wp\/v2\/media\/1214"}],"wp:attachment":[{"href":"https:\/\/colbeauty.com.co\/index.php?rest_route=%2Fwp%2Fv2%2Fmedia&parent=1213"}],"wp:term":[{"taxonomy":"product_brand","embeddable":true,"href":"https:\/\/colbeauty.com.co\/index.php?rest_route=%2Fwp%2Fv2%2Fproduct_brand&post=1213"},{"taxonomy":"product_cat","embeddable":true,"href":"https:\/\/colbeauty.com.co\/index.php?rest_route=%2Fwp%2Fv2%2Fproduct_cat&post=1213"},{"taxonomy":"product_tag","embeddable":true,"href":"https:\/\/colbeauty.com.co\/index.php?rest_route=%2Fwp%2Fv2%2Fproduct_tag&post=1213"}],"curies":[{"name":"wp","href":"https:\/\/api.w.org\/{rel}","templated":true}]}}