{"id":1217,"date":"2023-01-24T20:18:47","date_gmt":"2023-01-24T20:18:47","guid":{"rendered":"https:\/\/colbeauty.com.co\/?post_type=product&#038;p=1217"},"modified":"2026-03-11T11:02:37","modified_gmt":"2026-03-11T16:02:37","slug":"la-roche-posay-effaclar-serum-ultra-concentrado-30ml","status":"publish","type":"product","link":"https:\/\/colbeauty.com.co\/?product=la-roche-posay-effaclar-serum-ultra-concentrado-30ml","title":{"rendered":"LA ROCHE POSAY Effaclar S\u00e9rum Ultra Concentrado 30Ml"},"content":{"rendered":"<p>Tratamiento concentrado que combina un Complejo tri\u00e1cido exfoliante (\u00c1cido glic\u00f3lico + \u00c1cido Salic\u00edlico + LHA) con Niacinamida, para tratar imperfecciones, marcas, poros visibles y puntos negros. Una f\u00f3rmula que purifica la piel, alisa la textura y reduce finas l\u00edneas.<\/p>\n","protected":false},"excerpt":{"rendered":"<p>Tratamiento concentrado que combina un Complejo tri\u00e1cido exfoliante (\u00c1cido glic\u00f3lico + \u00c1cido Salic\u00edlico + LHA) con Niacinamida, para tratar imperfecciones, marcas, poros visibles y puntos negros. Una f\u00f3rmula que purifica la piel, alisa la textura y reduce finas l\u00edneas.<\/p>\n","protected":false},"featured_media":1218,"comment_status":"open","ping_status":"closed","template":"","meta":{"site-sidebar-layout":"default","site-content-layout":"default","ast-global-header-display":"","ast-main-header-display":"","ast-hfb-above-header-display":"","ast-hfb-below-header-display":"","ast-hfb-mobile-header-display":"","site-post-title":"","ast-breadcrumbs-content":"","ast-featured-img":"","footer-sml-layout":"","theme-transparent-header-meta":"default","adv-header-id-meta":"","stick-header-meta":"","header-above-stick-meta":"","header-main-stick-meta":"","header-below-stick-meta":""},"product_brand":[],"product_cat":[81,19],"product_tag":[44,43,33,40,41,35,45,42,39,32],"class_list":{"0":"post-1217","1":"product","2":"type-product","3":"status-publish","4":"has-post-thumbnail","6":"product_cat-la-roche-posay","7":"product_cat-serums","8":"product_tag-acido-glicolico","9":"product_tag-acido-salicilico","10":"product_tag-colbeauty","11":"product_tag-effaclar-serum","12":"product_tag-effaclar-ultraconcentrado","13":"product_tag-la-roche-posay","14":"product_tag-niacinamida","15":"product_tag-piel-acneica","16":"product_tag-piel-grasa","17":"product_tag-skincare","18":"desktop-align-left","19":"tablet-align-left","20":"mobile-align-left","22":"first","23":"outofstock","24":"shipping-taxable","25":"purchasable","26":"product-type-simple"},"_links":{"self":[{"href":"https:\/\/colbeauty.com.co\/index.php?rest_route=\/wp\/v2\/product\/1217","targetHints":{"allow":["GET"]}}],"collection":[{"href":"https:\/\/colbeauty.com.co\/index.php?rest_route=\/wp\/v2\/product"}],"about":[{"href":"https:\/\/colbeauty.com.co\/index.php?rest_route=\/wp\/v2\/types\/product"}],"replies":[{"embeddable":true,"href":"https:\/\/colbeauty.com.co\/index.php?rest_route=%2Fwp%2Fv2%2Fcomments&post=1217"}],"wp:featuredmedia":[{"embeddable":true,"href":"https:\/\/colbeauty.com.co\/index.php?rest_route=\/wp\/v2\/media\/1218"}],"wp:attachment":[{"href":"https:\/\/colbeauty.com.co\/index.php?rest_route=%2Fwp%2Fv2%2Fmedia&parent=1217"}],"wp:term":[{"taxonomy":"product_brand","embeddable":true,"href":"https:\/\/colbeauty.com.co\/index.php?rest_route=%2Fwp%2Fv2%2Fproduct_brand&post=1217"},{"taxonomy":"product_cat","embeddable":true,"href":"https:\/\/colbeauty.com.co\/index.php?rest_route=%2Fwp%2Fv2%2Fproduct_cat&post=1217"},{"taxonomy":"product_tag","embeddable":true,"href":"https:\/\/colbeauty.com.co\/index.php?rest_route=%2Fwp%2Fv2%2Fproduct_tag&post=1217"}],"curies":[{"name":"wp","href":"https:\/\/api.w.org\/{rel}","templated":true}]}}