{"id":1219,"date":"2023-01-24T20:23:31","date_gmt":"2023-01-24T20:23:31","guid":{"rendered":"https:\/\/colbeauty.com.co\/?post_type=product&#038;p=1219"},"modified":"2026-03-11T11:06:16","modified_gmt":"2026-03-11T16:06:16","slug":"eucerin-oil-control","status":"publish","type":"product","link":"https:\/\/colbeauty.com.co\/?product=eucerin-oil-control","title":{"rendered":"EUCERIN OIL CONTROL"},"content":{"rendered":"<p>Protector solar de uso diario con factor de protecci\u00f3n 50+, tiene una formula creada espec\u00edficamente para la piel grasa y propensa al acn\u00e9. Combina una fotoprotecci\u00f3n superior contra los da\u00f1os ocasionados por el sol con una soluci\u00f3n activa para mejorar la condici\u00f3n de la piel.<\/p>\n<p>Su f\u00f3rmula con L-carnitina\u00a0regula la produccion de sebo, junto con una combinaci\u00f3n de tres pigmentos matificantes que absorben los l\u00edpidos, dejando un inmediato acabado mate seco y duradero en la piel, incluso en climas c\u00e1lidos y h\u00famedos.<\/p>\n","protected":false},"excerpt":{"rendered":"<p>Protector solar de uso diario con factor de protecci\u00f3n 50+, tiene una formula creada espec\u00edficamente para la piel grasa y propensa al acn\u00e9. Combina una fotoprotecci\u00f3n superior contra los da\u00f1os ocasionados por el sol con una soluci\u00f3n activa para mejorar la condici\u00f3n de la piel.<\/p>\n<p>Su f\u00f3rmula con L-carnitina\u00a0regula la produccion de sebo, junto con una combinaci\u00f3n de tres pigmentos matificantes que absorben los l\u00edpidos, dejando un inmediato acabado mate seco y duradero en la piel, incluso en climas c\u00e1lidos y h\u00famedos.<\/p>\n","protected":false},"featured_media":1221,"comment_status":"open","ping_status":"closed","template":"","meta":{"site-sidebar-layout":"default","site-content-layout":"default","ast-global-header-display":"","ast-main-header-display":"","ast-hfb-above-header-display":"","ast-hfb-below-header-display":"","ast-hfb-mobile-header-display":"","site-post-title":"","ast-breadcrumbs-content":"","ast-featured-img":"","footer-sml-layout":"","theme-transparent-header-meta":"default","adv-header-id-meta":"","stick-header-meta":"","header-above-stick-meta":"","header-main-stick-meta":"","header-below-stick-meta":""},"product_brand":[],"product_cat":[77,22],"product_tag":[33,50,48,46,47,39,49,32],"class_list":{"0":"post-1219","1":"product","2":"type-product","3":"status-publish","4":"has-post-thumbnail","6":"product_cat-eucerin","7":"product_cat-protector-solar","8":"product_tag-colbeauty","9":"product_tag-cuidado-facial","10":"product_tag-eucerin","11":"product_tag-eucerin-oil-control","12":"product_tag-oil-control","13":"product_tag-piel-grasa","14":"product_tag-protector-solar","15":"product_tag-skincare","16":"desktop-align-left","17":"tablet-align-left","18":"mobile-align-left","20":"first","21":"instock","22":"shipping-taxable","23":"purchasable","24":"product-type-variable"},"_links":{"self":[{"href":"https:\/\/colbeauty.com.co\/index.php?rest_route=\/wp\/v2\/product\/1219","targetHints":{"allow":["GET"]}}],"collection":[{"href":"https:\/\/colbeauty.com.co\/index.php?rest_route=\/wp\/v2\/product"}],"about":[{"href":"https:\/\/colbeauty.com.co\/index.php?rest_route=\/wp\/v2\/types\/product"}],"replies":[{"embeddable":true,"href":"https:\/\/colbeauty.com.co\/index.php?rest_route=%2Fwp%2Fv2%2Fcomments&post=1219"}],"wp:featuredmedia":[{"embeddable":true,"href":"https:\/\/colbeauty.com.co\/index.php?rest_route=\/wp\/v2\/media\/1221"}],"wp:attachment":[{"href":"https:\/\/colbeauty.com.co\/index.php?rest_route=%2Fwp%2Fv2%2Fmedia&parent=1219"}],"wp:term":[{"taxonomy":"product_brand","embeddable":true,"href":"https:\/\/colbeauty.com.co\/index.php?rest_route=%2Fwp%2Fv2%2Fproduct_brand&post=1219"},{"taxonomy":"product_cat","embeddable":true,"href":"https:\/\/colbeauty.com.co\/index.php?rest_route=%2Fwp%2Fv2%2Fproduct_cat&post=1219"},{"taxonomy":"product_tag","embeddable":true,"href":"https:\/\/colbeauty.com.co\/index.php?rest_route=%2Fwp%2Fv2%2Fproduct_tag&post=1219"}],"curies":[{"name":"wp","href":"https:\/\/api.w.org\/{rel}","templated":true}]}}