{"id":1227,"date":"2023-01-24T22:15:43","date_gmt":"2023-01-24T22:15:43","guid":{"rendered":"https:\/\/colbeauty.com.co\/?post_type=product&#038;p=1227"},"modified":"2026-03-11T10:31:31","modified_gmt":"2026-03-11T15:31:31","slug":"isdin-foto-protector-fusion-water-50-x-50ml","status":"publish","type":"product","link":"https:\/\/colbeauty.com.co\/?product=isdin-foto-protector-fusion-water-50-x-50ml","title":{"rendered":"ISDIN Foto Protector Fusion Water 50+ X 50Ml"},"content":{"rendered":"<h5>FOTOPROTECTOR ISDIN FUSION WATER<\/h5>\n<p>Protector solar ultraligero y de uso diario que adem\u00e1s de garantizar una alta protecci\u00f3n frente a la radiaci\u00f3n UVB y UVA aporta hidrataci\u00f3n intensa gracias a su formula con \u00e1cido hialuronico.<\/p>\n<p>Por su textura ultraligera es ideal para todo tipo de pieles, ya que no deja sensaci\u00f3n grasosa y tiene un acabado sedoso. Excelente la aplicar todos los d\u00edas como ultimo paso de la rutina de cuidado de piel.<\/p>\n","protected":false},"excerpt":{"rendered":"<h5>FOTOPROTECTOR ISDIN FUSION WATER<\/h5>\n<p>Protector solar ultraligero y de uso diario que adem\u00e1s de garantizar una alta protecci\u00f3n frente a la radiaci\u00f3n UVB y UVA aporta hidrataci\u00f3n intensa gracias a su formula con \u00e1cido hialuronico.<\/p>\n<p>Por su textura ultraligera es ideal para todo tipo de pieles, ya que no deja sensaci\u00f3n grasosa y tiene un acabado sedoso. Excelente la aplicar todos los d\u00edas como ultimo paso de la rutina de cuidado de piel.<\/p>\n","protected":false},"featured_media":1235,"comment_status":"open","ping_status":"closed","template":"","meta":{"site-sidebar-layout":"default","site-content-layout":"default","ast-global-header-display":"","ast-main-header-display":"","ast-hfb-above-header-display":"","ast-hfb-below-header-display":"","ast-hfb-mobile-header-display":"","site-post-title":"","ast-breadcrumbs-content":"","ast-featured-img":"","footer-sml-layout":"","theme-transparent-header-meta":"default","adv-header-id-meta":"","stick-header-meta":"","header-above-stick-meta":"","header-main-stick-meta":"","header-below-stick-meta":""},"product_brand":[],"product_cat":[78,22],"product_tag":[33,50,52,51,53,49,32],"class_list":{"0":"post-1227","1":"product","2":"type-product","3":"status-publish","4":"has-post-thumbnail","6":"product_cat-isdin","7":"product_cat-protector-solar","8":"product_tag-colbeauty","9":"product_tag-cuidado-facial","10":"product_tag-fusion-water","11":"product_tag-isdin","12":"product_tag-isdin-fusion-water","13":"product_tag-protector-solar","14":"product_tag-skincare","15":"desktop-align-left","16":"tablet-align-left","17":"mobile-align-left","19":"first","20":"instock","21":"shipping-taxable","22":"purchasable","23":"product-type-variable"},"_links":{"self":[{"href":"https:\/\/colbeauty.com.co\/index.php?rest_route=\/wp\/v2\/product\/1227","targetHints":{"allow":["GET"]}}],"collection":[{"href":"https:\/\/colbeauty.com.co\/index.php?rest_route=\/wp\/v2\/product"}],"about":[{"href":"https:\/\/colbeauty.com.co\/index.php?rest_route=\/wp\/v2\/types\/product"}],"replies":[{"embeddable":true,"href":"https:\/\/colbeauty.com.co\/index.php?rest_route=%2Fwp%2Fv2%2Fcomments&post=1227"}],"wp:featuredmedia":[{"embeddable":true,"href":"https:\/\/colbeauty.com.co\/index.php?rest_route=\/wp\/v2\/media\/1235"}],"wp:attachment":[{"href":"https:\/\/colbeauty.com.co\/index.php?rest_route=%2Fwp%2Fv2%2Fmedia&parent=1227"}],"wp:term":[{"taxonomy":"product_brand","embeddable":true,"href":"https:\/\/colbeauty.com.co\/index.php?rest_route=%2Fwp%2Fv2%2Fproduct_brand&post=1227"},{"taxonomy":"product_cat","embeddable":true,"href":"https:\/\/colbeauty.com.co\/index.php?rest_route=%2Fwp%2Fv2%2Fproduct_cat&post=1227"},{"taxonomy":"product_tag","embeddable":true,"href":"https:\/\/colbeauty.com.co\/index.php?rest_route=%2Fwp%2Fv2%2Fproduct_tag&post=1227"}],"curies":[{"name":"wp","href":"https:\/\/api.w.org\/{rel}","templated":true}]}}