{"id":1241,"date":"2023-01-24T23:15:49","date_gmt":"2023-01-24T23:15:49","guid":{"rendered":"https:\/\/colbeauty.com.co\/?post_type=product&#038;p=1241"},"modified":"2026-03-11T10:59:48","modified_gmt":"2026-03-11T15:59:48","slug":"vichy-normaderm-phytosolution-gel-limpiador-200-ml","status":"publish","type":"product","link":"https:\/\/colbeauty.com.co\/?product=vichy-normaderm-phytosolution-gel-limpiador-200-ml","title":{"rendered":"VICHY Normaderm Phytosolution Gel Limpiador 200 Ml"},"content":{"rendered":"<p><span data-sheets-value=\"{\" data-sheets-userformat=\"{\">Limpiador sustituto del jab\u00f3n para pieles mixtas a grasas o con tendencia acn\u00e9, esta enriquecido con minerales y probioticos siendo ideal para la regulaci\u00f3n de la microbiota de la piel , elimina la suciedad y las impurezas que se acumulan en los poros. es ideal para matificar la piel y controlar el exceso de sebo durante el d\u00eda.<\/span><\/p>\n<p><strong><span data-sheets-value=\"{\" data-sheets-userformat=\"{\">INNOVACI\u00d3N:<\/span><\/strong>\u00a0base limpiadora de origen vegetal, compuesta por agentes espumantes que purifican en profundidad la piel sin da\u00f1arla.<\/p>\n<p>Modo De Empleo: Sobre la piel h\u00fameda aplicar cantidad suficiente y frotar el rostro en movimiento circulares , dejar actuar de 2-3 minutos y aclarar con abundante agua.<\/p>\n","protected":false},"excerpt":{"rendered":"<p><span data-sheets-value=\"{\" data-sheets-userformat=\"{\">Limpiador sustituto del jab\u00f3n para pieles mixtas a grasas o con tendencia acn\u00e9, esta enriquecido con minerales y probioticos siendo ideal para la regulaci\u00f3n de la microbiota de la piel , elimina la suciedad y las impurezas que se acumulan en los poros. es ideal para matificar la piel y controlar el exceso de sebo durante el d\u00eda.<\/span><\/p>\n<p><strong><span data-sheets-value=\"{\" data-sheets-userformat=\"{\">INNOVACI\u00d3N:<\/span><\/strong>\u00a0base limpiadora de origen vegetal, compuesta por agentes espumantes que purifican en profundidad la piel sin da\u00f1arla.<\/p>\n<p>Modo De Empleo: Sobre la piel h\u00fameda aplicar cantidad suficiente y frotar el rostro en movimiento circulares , dejar actuar de 2-3 minutos y aclarar con abundante agua.<\/p>\n","protected":false},"featured_media":1242,"comment_status":"open","ping_status":"closed","template":"","meta":{"site-sidebar-layout":"default","site-content-layout":"default","ast-global-header-display":"","ast-main-header-display":"","ast-hfb-above-header-display":"","ast-hfb-below-header-display":"","ast-hfb-mobile-header-display":"","site-post-title":"","ast-breadcrumbs-content":"","ast-featured-img":"","footer-sml-layout":"","theme-transparent-header-meta":"default","adv-header-id-meta":"","stick-header-meta":"","header-above-stick-meta":"","header-main-stick-meta":"","header-below-stick-meta":""},"product_brand":[],"product_cat":[20,79],"product_tag":[33,50,60,61,59,39,32,57],"class_list":{"0":"post-1241","1":"product","2":"type-product","3":"status-publish","4":"has-post-thumbnail","6":"product_cat-limpiador-facial","7":"product_cat-vichy","8":"product_tag-colbeauty","9":"product_tag-cuidado-facial","10":"product_tag-limpiador-facial","11":"product_tag-nomaderm","12":"product_tag-normaderm-vichy","13":"product_tag-piel-grasa","14":"product_tag-skincare","15":"product_tag-vichy","16":"desktop-align-left","17":"tablet-align-left","18":"mobile-align-left","20":"first","21":"outofstock","22":"shipping-taxable","23":"purchasable","24":"product-type-simple"},"_links":{"self":[{"href":"https:\/\/colbeauty.com.co\/index.php?rest_route=\/wp\/v2\/product\/1241","targetHints":{"allow":["GET"]}}],"collection":[{"href":"https:\/\/colbeauty.com.co\/index.php?rest_route=\/wp\/v2\/product"}],"about":[{"href":"https:\/\/colbeauty.com.co\/index.php?rest_route=\/wp\/v2\/types\/product"}],"replies":[{"embeddable":true,"href":"https:\/\/colbeauty.com.co\/index.php?rest_route=%2Fwp%2Fv2%2Fcomments&post=1241"}],"wp:featuredmedia":[{"embeddable":true,"href":"https:\/\/colbeauty.com.co\/index.php?rest_route=\/wp\/v2\/media\/1242"}],"wp:attachment":[{"href":"https:\/\/colbeauty.com.co\/index.php?rest_route=%2Fwp%2Fv2%2Fmedia&parent=1241"}],"wp:term":[{"taxonomy":"product_brand","embeddable":true,"href":"https:\/\/colbeauty.com.co\/index.php?rest_route=%2Fwp%2Fv2%2Fproduct_brand&post=1241"},{"taxonomy":"product_cat","embeddable":true,"href":"https:\/\/colbeauty.com.co\/index.php?rest_route=%2Fwp%2Fv2%2Fproduct_cat&post=1241"},{"taxonomy":"product_tag","embeddable":true,"href":"https:\/\/colbeauty.com.co\/index.php?rest_route=%2Fwp%2Fv2%2Fproduct_tag&post=1241"}],"curies":[{"name":"wp","href":"https:\/\/api.w.org\/{rel}","templated":true}]}}