{"id":1330,"date":"2023-02-05T17:16:39","date_gmt":"2023-02-05T17:16:39","guid":{"rendered":"https:\/\/colbeauty.com.co\/?post_type=product&#038;p=1330"},"modified":"2026-03-11T10:58:30","modified_gmt":"2026-03-11T15:58:30","slug":"the-ordinary-acido-hialuronico-2-b5","status":"publish","type":"product","link":"https:\/\/colbeauty.com.co\/?product=the-ordinary-acido-hialuronico-2-b5","title":{"rendered":"The Ordinary &#8211; \u00c1cido hialuronico 2% + B5"},"content":{"rendered":"<p>F\u00f3rmula de \u00e1cido hialur\u00f3nico vegano de extrema pureza. Contiene tres tipos de peso molecular (bajo, medio y alto), as\u00ed como un nuevo tipo de \u00e1cido hialur\u00f3nico que aporta una gran hidrataci\u00f3n, much\u00edsimo m\u00e1s profunda, siendo totalmente libre de aceites. Todo ello combinado con la vitamina B5, que aumenta m\u00e1s el poder de hidrataci\u00f3n de la piel.<\/p>\n<p>Apto para todo tipo de piel.<\/p>\n","protected":false},"excerpt":{"rendered":"<p>F\u00f3rmula de \u00e1cido hialur\u00f3nico vegano de extrema pureza. Contiene tres tipos de peso molecular (bajo, medio y alto), as\u00ed como un nuevo tipo de \u00e1cido hialur\u00f3nico que aporta una gran hidrataci\u00f3n, much\u00edsimo m\u00e1s profunda, siendo totalmente libre de aceites. Todo ello combinado con la vitamina B5, que aumenta m\u00e1s el poder de hidrataci\u00f3n de la piel.<\/p>\n<p>Apto para todo tipo de piel.<\/p>\n","protected":false},"featured_media":1331,"comment_status":"open","ping_status":"closed","template":"","meta":{"site-sidebar-layout":"default","site-content-layout":"default","ast-global-header-display":"","ast-main-header-display":"","ast-hfb-above-header-display":"","ast-hfb-below-header-display":"","ast-hfb-mobile-header-display":"","site-post-title":"","ast-breadcrumbs-content":"","ast-featured-img":"","footer-sml-layout":"","theme-transparent-header-meta":"default","adv-header-id-meta":"","stick-header-meta":"","header-above-stick-meta":"","header-main-stick-meta":"","header-below-stick-meta":""},"product_brand":[],"product_cat":[19,80],"product_tag":[92,93,94,95,32,71],"class_list":{"0":"post-1330","1":"product","2":"type-product","3":"status-publish","4":"has-post-thumbnail","6":"product_cat-serums","7":"product_cat-the-ordinary","8":"product_tag-acido-hialuronico","9":"product_tag-acido-hialuronico-the-ordinary","10":"product_tag-cuidao-facial","11":"product_tag-piel-deshidratada","12":"product_tag-skincare","13":"product_tag-the-ordinary","14":"desktop-align-left","15":"tablet-align-left","16":"mobile-align-left","18":"first","19":"instock","20":"shipping-taxable","21":"purchasable","22":"product-type-simple"},"_links":{"self":[{"href":"https:\/\/colbeauty.com.co\/index.php?rest_route=\/wp\/v2\/product\/1330","targetHints":{"allow":["GET"]}}],"collection":[{"href":"https:\/\/colbeauty.com.co\/index.php?rest_route=\/wp\/v2\/product"}],"about":[{"href":"https:\/\/colbeauty.com.co\/index.php?rest_route=\/wp\/v2\/types\/product"}],"replies":[{"embeddable":true,"href":"https:\/\/colbeauty.com.co\/index.php?rest_route=%2Fwp%2Fv2%2Fcomments&post=1330"}],"wp:featuredmedia":[{"embeddable":true,"href":"https:\/\/colbeauty.com.co\/index.php?rest_route=\/wp\/v2\/media\/1331"}],"wp:attachment":[{"href":"https:\/\/colbeauty.com.co\/index.php?rest_route=%2Fwp%2Fv2%2Fmedia&parent=1330"}],"wp:term":[{"taxonomy":"product_brand","embeddable":true,"href":"https:\/\/colbeauty.com.co\/index.php?rest_route=%2Fwp%2Fv2%2Fproduct_brand&post=1330"},{"taxonomy":"product_cat","embeddable":true,"href":"https:\/\/colbeauty.com.co\/index.php?rest_route=%2Fwp%2Fv2%2Fproduct_cat&post=1330"},{"taxonomy":"product_tag","embeddable":true,"href":"https:\/\/colbeauty.com.co\/index.php?rest_route=%2Fwp%2Fv2%2Fproduct_tag&post=1330"}],"curies":[{"name":"wp","href":"https:\/\/api.w.org\/{rel}","templated":true}]}}