{"id":1334,"date":"2023-02-05T17:28:05","date_gmt":"2023-02-05T17:28:05","guid":{"rendered":"https:\/\/colbeauty.com.co\/?post_type=product&#038;p=1334"},"modified":"2026-03-11T10:57:44","modified_gmt":"2026-03-11T15:57:44","slug":"the-ordinary-alfa-arbutina-ha","status":"publish","type":"product","link":"https:\/\/colbeauty.com.co\/?product=the-ordinary-alfa-arbutina-ha","title":{"rendered":"The Ordinary &#8211; Alfa arbutina + HA"},"content":{"rendered":"<p><span class=\"S1PPyQ\">Un s\u00e9rum con alta concentraci\u00f3n de alfa arbutina y \u00e1cido hialur\u00f3nico. El alfa arbutina reduce la apariencia de las manchas de la piel, as\u00ed como la hiperpigmentaci\u00f3n. En esta f\u00f3rmula, el alfa arbutina se ofrece en una generosa concentraci\u00f3n del 2 %. El \u00e1cido hialur\u00f3nico potencia la eficacia del alfa arbutina.<\/span><\/p>\n<p>Apta para todo tipo de piel.<\/p>\n","protected":false},"excerpt":{"rendered":"<p><span class=\"S1PPyQ\">Un s\u00e9rum con alta concentraci\u00f3n de alfa arbutina y \u00e1cido hialur\u00f3nico. El alfa arbutina reduce la apariencia de las manchas de la piel, as\u00ed como la hiperpigmentaci\u00f3n. En esta f\u00f3rmula, el alfa arbutina se ofrece en una generosa concentraci\u00f3n del 2 %. El \u00e1cido hialur\u00f3nico potencia la eficacia del alfa arbutina.<\/span><\/p>\n<p>Apta para todo tipo de piel.<\/p>\n","protected":false},"featured_media":1335,"comment_status":"open","ping_status":"closed","template":"","meta":{"site-sidebar-layout":"default","site-content-layout":"default","ast-global-header-display":"","ast-main-header-display":"","ast-hfb-above-header-display":"","ast-hfb-below-header-display":"","ast-hfb-mobile-header-display":"","site-post-title":"","ast-breadcrumbs-content":"","ast-featured-img":"","footer-sml-layout":"","theme-transparent-header-meta":"default","adv-header-id-meta":"","stick-header-meta":"","header-above-stick-meta":"","header-main-stick-meta":"","header-below-stick-meta":""},"product_brand":[],"product_cat":[19,80],"product_tag":[101,100,99,50,73,32,71],"class_list":{"0":"post-1334","1":"product","2":"type-product","3":"status-publish","4":"has-post-thumbnail","6":"product_cat-serums","7":"product_cat-the-ordinary","8":"product_tag-alfa-arbutina","9":"product_tag-alpha-arbutine","10":"product_tag-arbutina","11":"product_tag-cuidado-facial","12":"product_tag-manchas","13":"product_tag-skincare","14":"product_tag-the-ordinary","15":"desktop-align-left","16":"tablet-align-left","17":"mobile-align-left","19":"first","20":"outofstock","21":"shipping-taxable","22":"purchasable","23":"product-type-simple"},"_links":{"self":[{"href":"https:\/\/colbeauty.com.co\/index.php?rest_route=\/wp\/v2\/product\/1334","targetHints":{"allow":["GET"]}}],"collection":[{"href":"https:\/\/colbeauty.com.co\/index.php?rest_route=\/wp\/v2\/product"}],"about":[{"href":"https:\/\/colbeauty.com.co\/index.php?rest_route=\/wp\/v2\/types\/product"}],"replies":[{"embeddable":true,"href":"https:\/\/colbeauty.com.co\/index.php?rest_route=%2Fwp%2Fv2%2Fcomments&post=1334"}],"wp:featuredmedia":[{"embeddable":true,"href":"https:\/\/colbeauty.com.co\/index.php?rest_route=\/wp\/v2\/media\/1335"}],"wp:attachment":[{"href":"https:\/\/colbeauty.com.co\/index.php?rest_route=%2Fwp%2Fv2%2Fmedia&parent=1334"}],"wp:term":[{"taxonomy":"product_brand","embeddable":true,"href":"https:\/\/colbeauty.com.co\/index.php?rest_route=%2Fwp%2Fv2%2Fproduct_brand&post=1334"},{"taxonomy":"product_cat","embeddable":true,"href":"https:\/\/colbeauty.com.co\/index.php?rest_route=%2Fwp%2Fv2%2Fproduct_cat&post=1334"},{"taxonomy":"product_tag","embeddable":true,"href":"https:\/\/colbeauty.com.co\/index.php?rest_route=%2Fwp%2Fv2%2Fproduct_tag&post=1334"}],"curies":[{"name":"wp","href":"https:\/\/api.w.org\/{rel}","templated":true}]}}