{"id":1336,"date":"2023-02-05T17:39:58","date_gmt":"2023-02-05T17:39:58","guid":{"rendered":"https:\/\/colbeauty.com.co\/?post_type=product&#038;p=1336"},"modified":"2026-03-11T10:57:17","modified_gmt":"2026-03-11T15:57:17","slug":"the-ordinary-marine-hyaluronics","status":"publish","type":"product","link":"https:\/\/colbeauty.com.co\/?product=the-ordinary-marine-hyaluronics","title":{"rendered":"The Ordinary &#8211; Marine Hyaluronics"},"content":{"rendered":"<p><span class=\"S1PPyQ\">Marine Hyaluronics re\u00fane reservorios de agua ligeros de origen marino que atraen y retienen agua como el \u00e1cido hialur\u00f3nico (HA) pero que son m\u00e1s ligeros que la HA en textura y tacto.<\/span><\/p>\n<ul>\n<li><span class=\"S1PPyQ\">Apto para todo tipo de piel<\/span><\/li>\n<li><span class=\"S1PPyQ\">Ideal para quienes prefieren una textura las ligera que el \u00e1cido hialuronico 2% + B5<\/span><\/li>\n<\/ul>\n","protected":false},"excerpt":{"rendered":"<p><span class=\"S1PPyQ\">Marine Hyaluronics re\u00fane reservorios de agua ligeros de origen marino que atraen y retienen agua como el \u00e1cido hialur\u00f3nico (HA) pero que son m\u00e1s ligeros que la HA en textura y tacto.<\/span><\/p>\n<ul>\n<li><span class=\"S1PPyQ\">Apto para todo tipo de piel<\/span><\/li>\n<li><span class=\"S1PPyQ\">Ideal para quienes prefieren una textura las ligera que el \u00e1cido hialuronico 2% + B5<\/span><\/li>\n<\/ul>\n","protected":false},"featured_media":1337,"comment_status":"open","ping_status":"closed","template":"","meta":{"site-sidebar-layout":"default","site-content-layout":"default","ast-global-header-display":"","ast-main-header-display":"","ast-hfb-above-header-display":"","ast-hfb-below-header-display":"","ast-hfb-mobile-header-display":"","site-post-title":"","ast-breadcrumbs-content":"","ast-featured-img":"","footer-sml-layout":"","theme-transparent-header-meta":"default","adv-header-id-meta":"","stick-header-meta":"","header-above-stick-meta":"","header-main-stick-meta":"","header-below-stick-meta":""},"product_brand":[],"product_cat":[19,80],"product_tag":[92,33,50,103,39,98,69,102,32,105,71,104],"class_list":{"0":"post-1336","1":"product","2":"type-product","3":"status-publish","4":"has-post-thumbnail","6":"product_cat-serums","7":"product_cat-the-ordinary","8":"product_tag-acido-hialuronico","9":"product_tag-colbeauty","10":"product_tag-cuidado-facial","11":"product_tag-marine-hyaluronics","12":"product_tag-piel-grasa","13":"product_tag-piel-mixta","14":"product_tag-piel-sensible","15":"product_tag-serum-hidratante","16":"product_tag-skincare","17":"product_tag-skincare-the-ordinary","18":"product_tag-the-ordinary","19":"product_tag-the-ordinary-marine-hyaluronics","20":"desktop-align-left","21":"tablet-align-left","22":"mobile-align-left","24":"first","25":"outofstock","26":"shipping-taxable","27":"purchasable","28":"product-type-simple"},"_links":{"self":[{"href":"https:\/\/colbeauty.com.co\/index.php?rest_route=\/wp\/v2\/product\/1336","targetHints":{"allow":["GET"]}}],"collection":[{"href":"https:\/\/colbeauty.com.co\/index.php?rest_route=\/wp\/v2\/product"}],"about":[{"href":"https:\/\/colbeauty.com.co\/index.php?rest_route=\/wp\/v2\/types\/product"}],"replies":[{"embeddable":true,"href":"https:\/\/colbeauty.com.co\/index.php?rest_route=%2Fwp%2Fv2%2Fcomments&post=1336"}],"wp:featuredmedia":[{"embeddable":true,"href":"https:\/\/colbeauty.com.co\/index.php?rest_route=\/wp\/v2\/media\/1337"}],"wp:attachment":[{"href":"https:\/\/colbeauty.com.co\/index.php?rest_route=%2Fwp%2Fv2%2Fmedia&parent=1336"}],"wp:term":[{"taxonomy":"product_brand","embeddable":true,"href":"https:\/\/colbeauty.com.co\/index.php?rest_route=%2Fwp%2Fv2%2Fproduct_brand&post=1336"},{"taxonomy":"product_cat","embeddable":true,"href":"https:\/\/colbeauty.com.co\/index.php?rest_route=%2Fwp%2Fv2%2Fproduct_cat&post=1336"},{"taxonomy":"product_tag","embeddable":true,"href":"https:\/\/colbeauty.com.co\/index.php?rest_route=%2Fwp%2Fv2%2Fproduct_tag&post=1336"}],"curies":[{"name":"wp","href":"https:\/\/api.w.org\/{rel}","templated":true}]}}