{"id":1338,"date":"2023-02-05T17:45:41","date_gmt":"2023-02-05T17:45:41","guid":{"rendered":"https:\/\/colbeauty.com.co\/?post_type=product&#038;p=1338"},"modified":"2023-06-16T02:27:39","modified_gmt":"2023-06-16T02:27:39","slug":"the-ordinary-peeling-solution-aha-30-bha-2","status":"publish","type":"product","link":"https:\/\/colbeauty.com.co\/?product=the-ordinary-peeling-solution-aha-30-bha-2","title":{"rendered":"The Ordinary &#8211; Peeling Solution AHA 30% &#8211; BHA 2%"},"content":{"rendered":"<p style=\"text-align: left;\"><span class=\"S1PPyQ\">Esta mascarilla tiene como objetivo una exfoliaci\u00f3n m\u00e1s profunda y se combaten las imperfecciones, dejando la piel resplandeciente. Tambi\u00e9n mejora la textura de la piel y reduce el aspecto de las finas l\u00edneas de expresi\u00f3n con su uso continuo.<\/span><\/p>\n<ul>\n<li><span class=\"S1PPyQ\">Se debe aplicar de <\/span><span class=\"S1PPyQ\">noche<\/span><span class=\"S1PPyQ\"> en la piel, evitando el contorno de los ojos y las mucosas durante 10 minutos. Luego enjuagar con agua.<\/span><\/li>\n<li><span class=\"S1PPyQ\">No deben incluirse otros \u00e1cidos u exfoliantes en la misma rutina<\/span><\/li>\n<li><span class=\"S1PPyQ\">No apto para piel seca y sensible<\/span><\/li>\n<li><span class=\"S1PPyQ\">Usar y reaplicar protector solar el dia siguiente<\/span><\/li>\n<\/ul>\n","protected":false},"excerpt":{"rendered":"<p><span class=\"S1PPyQ\">Esta mascarilla tiene como objetivo una exfoliaci\u00f3n m\u00e1s profunda y se combaten las imperfecciones, dejando la piel resplandeciente. Tambi\u00e9n mejora la textura de la piel y reduce el aspecto de las finas l\u00edneas de expresi\u00f3n con su uso continuo.<\/span><\/p>\n<ul>\n<li><span class=\"S1PPyQ\">Se debe aplicar de <\/span><span class=\"S1PPyQ\">noche<\/span><span class=\"S1PPyQ\"> en la piel, evitando el contorno de los ojos y las mucosas durante 10 minutos. Luego enjuagar con agua.<\/span><\/li>\n<li><span class=\"S1PPyQ\">No deben incluirse otros \u00e1cidos u exfoliantes en la misma rutina<\/span><\/li>\n<li><span class=\"S1PPyQ\">No apto para piel seca y sensible<\/span><\/li>\n<li><span class=\"S1PPyQ\">Usar y reaplicar protector solar el dia siguiente<\/span><\/li>\n<\/ul>\n","protected":false},"featured_media":1339,"comment_status":"open","ping_status":"closed","template":"","meta":{"site-sidebar-layout":"default","site-content-layout":"default","ast-global-header-display":"","ast-main-header-display":"","ast-hfb-above-header-display":"","ast-hfb-below-header-display":"","ast-hfb-mobile-header-display":"","site-post-title":"","ast-breadcrumbs-content":"","ast-featured-img":"","footer-sml-layout":"","theme-transparent-header-meta":"default","adv-header-id-meta":"","stick-header-meta":"","header-above-stick-meta":"","header-main-stick-meta":"","header-below-stick-meta":""},"product_brand":[],"product_cat":[80],"product_tag":[],"class_list":{"0":"post-1338","1":"product","2":"type-product","3":"status-publish","4":"has-post-thumbnail","6":"product_cat-the-ordinary","7":"desktop-align-left","8":"tablet-align-left","9":"mobile-align-left","11":"first","12":"instock","13":"shipping-taxable","14":"purchasable","15":"product-type-simple"},"_links":{"self":[{"href":"https:\/\/colbeauty.com.co\/index.php?rest_route=\/wp\/v2\/product\/1338","targetHints":{"allow":["GET"]}}],"collection":[{"href":"https:\/\/colbeauty.com.co\/index.php?rest_route=\/wp\/v2\/product"}],"about":[{"href":"https:\/\/colbeauty.com.co\/index.php?rest_route=\/wp\/v2\/types\/product"}],"replies":[{"embeddable":true,"href":"https:\/\/colbeauty.com.co\/index.php?rest_route=%2Fwp%2Fv2%2Fcomments&post=1338"}],"wp:featuredmedia":[{"embeddable":true,"href":"https:\/\/colbeauty.com.co\/index.php?rest_route=\/wp\/v2\/media\/1339"}],"wp:attachment":[{"href":"https:\/\/colbeauty.com.co\/index.php?rest_route=%2Fwp%2Fv2%2Fmedia&parent=1338"}],"wp:term":[{"taxonomy":"product_brand","embeddable":true,"href":"https:\/\/colbeauty.com.co\/index.php?rest_route=%2Fwp%2Fv2%2Fproduct_brand&post=1338"},{"taxonomy":"product_cat","embeddable":true,"href":"https:\/\/colbeauty.com.co\/index.php?rest_route=%2Fwp%2Fv2%2Fproduct_cat&post=1338"},{"taxonomy":"product_tag","embeddable":true,"href":"https:\/\/colbeauty.com.co\/index.php?rest_route=%2Fwp%2Fv2%2Fproduct_tag&post=1338"}],"curies":[{"name":"wp","href":"https:\/\/api.w.org\/{rel}","templated":true}]}}