{"id":1340,"date":"2023-02-05T17:50:05","date_gmt":"2023-02-05T17:50:05","guid":{"rendered":"https:\/\/colbeauty.com.co\/?post_type=product&#038;p=1340"},"modified":"2023-02-05T17:50:06","modified_gmt":"2023-02-05T17:50:06","slug":"the-ordinary-buffet-x-30-ml","status":"publish","type":"product","link":"https:\/\/colbeauty.com.co\/?product=the-ordinary-buffet-x-30-ml","title":{"rendered":"THe Ordinary &#8211; Buffet x 30 ml"},"content":{"rendered":"<p><span class=\"S1PPyQ\">En esta f\u00f3rmula encontramos m\u00faltiples tecnolog\u00edas que se dedican a combatir los signos del envejecimiento: Matrixyl 3000, Matrixyl Synthe\u20196, Syn-Ake, Relistase, Argirelox y un complejo probi\u00f3tico, todo ello en una base de 11 amino\u00e1cidos que protegen la piel, y de diferentes tipos de \u00e1cido hialur\u00f3nico.<\/span><\/p>\n<p>Apto para todo tipo de piel<\/p>\n","protected":false},"excerpt":{"rendered":"<p><span class=\"S1PPyQ\">En esta f\u00f3rmula encontramos m\u00faltiples tecnolog\u00edas que se dedican a combatir los signos del envejecimiento: Matrixyl 3000, Matrixyl Synthe\u20196, Syn-Ake, Relistase, Argirelox y un complejo probi\u00f3tico, todo ello en una base de 11 amino\u00e1cidos que protegen la piel, y de diferentes tipos de \u00e1cido hialur\u00f3nico.<\/span><\/p>\n<p>Apto para todo tipo de piel<\/p>\n","protected":false},"featured_media":1341,"comment_status":"open","ping_status":"closed","template":"","meta":{"site-sidebar-layout":"default","site-content-layout":"default","ast-global-header-display":"","ast-main-header-display":"","ast-hfb-above-header-display":"","ast-hfb-below-header-display":"","ast-hfb-mobile-header-display":"","site-post-title":"","ast-breadcrumbs-content":"","ast-featured-img":"","footer-sml-layout":"","theme-transparent-header-meta":"default","adv-header-id-meta":"","stick-header-meta":"","header-above-stick-meta":"","header-main-stick-meta":"","header-below-stick-meta":""},"product_brand":[],"product_cat":[19,80],"product_tag":[90,106,107,33,50,108,32,71],"class_list":{"0":"post-1340","1":"product","2":"type-product","3":"status-publish","4":"has-post-thumbnail","6":"product_cat-serums","7":"product_cat-the-ordinary","8":"product_tag-antiedad","9":"product_tag-buffet","10":"product_tag-buffet-the-ordinary","11":"product_tag-colbeauty","12":"product_tag-cuidado-facial","13":"product_tag-serum-the-ordinary","14":"product_tag-skincare","15":"product_tag-the-ordinary","16":"desktop-align-left","17":"tablet-align-left","18":"mobile-align-left","20":"first","21":"instock","22":"shipping-taxable","23":"purchasable","24":"product-type-simple"},"_links":{"self":[{"href":"https:\/\/colbeauty.com.co\/index.php?rest_route=\/wp\/v2\/product\/1340","targetHints":{"allow":["GET"]}}],"collection":[{"href":"https:\/\/colbeauty.com.co\/index.php?rest_route=\/wp\/v2\/product"}],"about":[{"href":"https:\/\/colbeauty.com.co\/index.php?rest_route=\/wp\/v2\/types\/product"}],"replies":[{"embeddable":true,"href":"https:\/\/colbeauty.com.co\/index.php?rest_route=%2Fwp%2Fv2%2Fcomments&post=1340"}],"wp:featuredmedia":[{"embeddable":true,"href":"https:\/\/colbeauty.com.co\/index.php?rest_route=\/wp\/v2\/media\/1341"}],"wp:attachment":[{"href":"https:\/\/colbeauty.com.co\/index.php?rest_route=%2Fwp%2Fv2%2Fmedia&parent=1340"}],"wp:term":[{"taxonomy":"product_brand","embeddable":true,"href":"https:\/\/colbeauty.com.co\/index.php?rest_route=%2Fwp%2Fv2%2Fproduct_brand&post=1340"},{"taxonomy":"product_cat","embeddable":true,"href":"https:\/\/colbeauty.com.co\/index.php?rest_route=%2Fwp%2Fv2%2Fproduct_cat&post=1340"},{"taxonomy":"product_tag","embeddable":true,"href":"https:\/\/colbeauty.com.co\/index.php?rest_route=%2Fwp%2Fv2%2Fproduct_tag&post=1340"}],"curies":[{"name":"wp","href":"https:\/\/api.w.org\/{rel}","templated":true}]}}