{"id":1342,"date":"2023-02-05T17:55:00","date_gmt":"2023-02-05T17:55:00","guid":{"rendered":"https:\/\/colbeauty.com.co\/?post_type=product&#038;p=1342"},"modified":"2023-02-05T17:56:15","modified_gmt":"2023-02-05T17:56:15","slug":"the-ordinary-acido-lactico-5-ha","status":"publish","type":"product","link":"https:\/\/colbeauty.com.co\/?product=the-ordinary-acido-lactico-5-ha","title":{"rendered":"The Ordinary &#8211; \u00c1cido L\u00e1ctico 5% + HA"},"content":{"rendered":"<p><span class=\"S1PPyQ\">Esta f\u00f3rmula ofrece una exfoliaci\u00f3n muy suave (5%). Contiene pimienta de Tasmania, que reduce la sensibilidad asociada a la exfoliaci\u00f3n. Tiene como objetivo tratar el tono desigual e irregularidades en la textura.<\/span><\/p>\n<ul>\n<li><span class=\"S1PPyQ\">Se debe aplicar de <\/span><span class=\"S1PPyQ\">noche<\/span><\/li>\n<li><span class=\"S1PPyQ\">No deben incluirse otros \u00e1cidos u exfoliantes en la misma rutina<\/span><\/li>\n<li><span class=\"S1PPyQ\">Apto para todo tipo de piel<\/span><\/li>\n<li><span class=\"S1PPyQ\">Usar y reaplicar protector solar el dia siguiente<\/span><\/li>\n<\/ul>\n","protected":false},"excerpt":{"rendered":"<p><span class=\"S1PPyQ\">Esta f\u00f3rmula ofrece una exfoliaci\u00f3n muy suave (5%). Contiene pimienta de Tasmania, que reduce la sensibilidad asociada a la exfoliaci\u00f3n. Tiene como objetivo tratar el tono desigual e irregularidades en la textura.<\/span><\/p>\n<ul>\n<li><span class=\"S1PPyQ\">Se debe aplicar de <\/span><span class=\"S1PPyQ\">noche<\/span><\/li>\n<li><span class=\"S1PPyQ\">No deben incluirse otros \u00e1cidos u exfoliantes en la misma rutina<\/span><\/li>\n<li><span class=\"S1PPyQ\">Apto para todo tipo de piel<\/span><\/li>\n<li><span class=\"S1PPyQ\">Usar y reaplicar protector solar el dia siguiente<\/span><\/li>\n<\/ul>\n","protected":false},"featured_media":1343,"comment_status":"open","ping_status":"closed","template":"","meta":{"site-sidebar-layout":"default","site-content-layout":"default","ast-global-header-display":"","ast-main-header-display":"","ast-hfb-above-header-display":"","ast-hfb-below-header-display":"","ast-hfb-mobile-header-display":"","site-post-title":"","ast-breadcrumbs-content":"","ast-featured-img":"","footer-sml-layout":"","theme-transparent-header-meta":"default","adv-header-id-meta":"","stick-header-meta":"","header-above-stick-meta":"","header-main-stick-meta":"","header-below-stick-meta":""},"product_brand":[],"product_cat":[19,80],"product_tag":[111,109,110,33,50,113,112,39,74,98,70,32,71],"class_list":{"0":"post-1342","1":"product","2":"type-product","3":"status-publish","4":"has-post-thumbnail","6":"product_cat-serums","7":"product_cat-the-ordinary","8":"product_tag-acido-lactico","9":"product_tag-acido-lactico-5","10":"product_tag-acido-lactico-the-ordinary","11":"product_tag-colbeauty","12":"product_tag-cuidado-facial","13":"product_tag-exfoliacion-quimica","14":"product_tag-lactic-acid","15":"product_tag-piel-grasa","16":"product_tag-piel-luminosa","17":"product_tag-piel-mixta","18":"product_tag-piel-seca","19":"product_tag-skincare","20":"product_tag-the-ordinary","21":"desktop-align-left","22":"tablet-align-left","23":"mobile-align-left","25":"first","26":"instock","27":"shipping-taxable","28":"purchasable","29":"product-type-simple"},"_links":{"self":[{"href":"https:\/\/colbeauty.com.co\/index.php?rest_route=\/wp\/v2\/product\/1342","targetHints":{"allow":["GET"]}}],"collection":[{"href":"https:\/\/colbeauty.com.co\/index.php?rest_route=\/wp\/v2\/product"}],"about":[{"href":"https:\/\/colbeauty.com.co\/index.php?rest_route=\/wp\/v2\/types\/product"}],"replies":[{"embeddable":true,"href":"https:\/\/colbeauty.com.co\/index.php?rest_route=%2Fwp%2Fv2%2Fcomments&post=1342"}],"wp:featuredmedia":[{"embeddable":true,"href":"https:\/\/colbeauty.com.co\/index.php?rest_route=\/wp\/v2\/media\/1343"}],"wp:attachment":[{"href":"https:\/\/colbeauty.com.co\/index.php?rest_route=%2Fwp%2Fv2%2Fmedia&parent=1342"}],"wp:term":[{"taxonomy":"product_brand","embeddable":true,"href":"https:\/\/colbeauty.com.co\/index.php?rest_route=%2Fwp%2Fv2%2Fproduct_brand&post=1342"},{"taxonomy":"product_cat","embeddable":true,"href":"https:\/\/colbeauty.com.co\/index.php?rest_route=%2Fwp%2Fv2%2Fproduct_cat&post=1342"},{"taxonomy":"product_tag","embeddable":true,"href":"https:\/\/colbeauty.com.co\/index.php?rest_route=%2Fwp%2Fv2%2Fproduct_tag&post=1342"}],"curies":[{"name":"wp","href":"https:\/\/api.w.org\/{rel}","templated":true}]}}