{"id":1346,"date":"2023-02-05T18:10:43","date_gmt":"2023-02-05T18:10:43","guid":{"rendered":"https:\/\/colbeauty.com.co\/?post_type=product&#038;p=1346"},"modified":"2026-03-11T10:56:30","modified_gmt":"2026-03-11T15:56:30","slug":"the-ordinary-acido-salicilico-2-anhydrous-solution-x-30-ml","status":"publish","type":"product","link":"https:\/\/colbeauty.com.co\/?product=the-ordinary-acido-salicilico-2-anhydrous-solution-x-30-ml","title":{"rendered":"The Ordinary &#8211; \u00c1cido Salicilico 2% Anhydrous Solution x 30 ml"},"content":{"rendered":"<p>\u00c1cido salic\u00edlico 2% La soluci\u00f3n anhidra se dirige a la reducci\u00f3n visible del tama\u00f1o aparente de los poros y la textura desigual, con un tono de piel y claridad visiblemente mejorados con el tiempo. Un suero sin agua formulado con \u00e1cido salic\u00edlico para descongestionar eficazmente la piel y proporcionar exfoliaci\u00f3n superficial, una f\u00f3rmula nueva y diferente del producto anterior de The Ordinary.<\/p>\n","protected":false},"excerpt":{"rendered":"<p>\u00c1cido salic\u00edlico 2% La soluci\u00f3n anhidra se dirige a la reducci\u00f3n visible del tama\u00f1o aparente de los poros y la textura desigual, con un tono de piel y claridad visiblemente mejorados con el tiempo. Un suero sin agua formulado con \u00e1cido salic\u00edlico para descongestionar eficazmente la piel y proporcionar exfoliaci\u00f3n superficial, una f\u00f3rmula nueva y diferente del producto anterior de The Ordinary.<\/p>\n","protected":false},"featured_media":1347,"comment_status":"open","ping_status":"closed","template":"","meta":{"site-sidebar-layout":"default","site-content-layout":"default","ast-global-header-display":"","ast-main-header-display":"","ast-hfb-above-header-display":"","ast-hfb-below-header-display":"","ast-hfb-mobile-header-display":"","site-post-title":"","ast-breadcrumbs-content":"","ast-featured-img":"","footer-sml-layout":"","theme-transparent-header-meta":"default","adv-header-id-meta":"","stick-header-meta":"","header-above-stick-meta":"","header-main-stick-meta":"","header-below-stick-meta":""},"product_brand":[],"product_cat":[19,80],"product_tag":[43,120,117,33,50,39,98,119,118,121],"class_list":{"0":"post-1346","1":"product","2":"type-product","3":"status-publish","4":"has-post-thumbnail","6":"product_cat-serums","7":"product_cat-the-ordinary","8":"product_tag-acido-salicilico","9":"product_tag-acido-salicilico-the-ordinary","10":"product_tag-antiacne","11":"product_tag-colbeauty","12":"product_tag-cuidado-facial","13":"product_tag-piel-grasa","14":"product_tag-piel-mixta","15":"product_tag-poros","16":"product_tag-serum","17":"product_tag-skncare","18":"desktop-align-left","19":"tablet-align-left","20":"mobile-align-left","22":"first","23":"outofstock","24":"shipping-taxable","25":"purchasable","26":"product-type-simple"},"_links":{"self":[{"href":"https:\/\/colbeauty.com.co\/index.php?rest_route=\/wp\/v2\/product\/1346","targetHints":{"allow":["GET"]}}],"collection":[{"href":"https:\/\/colbeauty.com.co\/index.php?rest_route=\/wp\/v2\/product"}],"about":[{"href":"https:\/\/colbeauty.com.co\/index.php?rest_route=\/wp\/v2\/types\/product"}],"replies":[{"embeddable":true,"href":"https:\/\/colbeauty.com.co\/index.php?rest_route=%2Fwp%2Fv2%2Fcomments&post=1346"}],"wp:featuredmedia":[{"embeddable":true,"href":"https:\/\/colbeauty.com.co\/index.php?rest_route=\/wp\/v2\/media\/1347"}],"wp:attachment":[{"href":"https:\/\/colbeauty.com.co\/index.php?rest_route=%2Fwp%2Fv2%2Fmedia&parent=1346"}],"wp:term":[{"taxonomy":"product_brand","embeddable":true,"href":"https:\/\/colbeauty.com.co\/index.php?rest_route=%2Fwp%2Fv2%2Fproduct_brand&post=1346"},{"taxonomy":"product_cat","embeddable":true,"href":"https:\/\/colbeauty.com.co\/index.php?rest_route=%2Fwp%2Fv2%2Fproduct_cat&post=1346"},{"taxonomy":"product_tag","embeddable":true,"href":"https:\/\/colbeauty.com.co\/index.php?rest_route=%2Fwp%2Fv2%2Fproduct_tag&post=1346"}],"curies":[{"name":"wp","href":"https:\/\/api.w.org\/{rel}","templated":true}]}}