{"id":1364,"date":"2023-02-06T15:22:58","date_gmt":"2023-02-06T15:22:58","guid":{"rendered":"https:\/\/colbeauty.com.co\/?post_type=product&#038;p=1364"},"modified":"2026-03-11T10:44:06","modified_gmt":"2026-03-11T15:44:06","slug":"the-ordinary-retinol-en-escualeno-05-x-30-ml","status":"publish","type":"product","link":"https:\/\/colbeauty.com.co\/?product=the-ordinary-retinol-en-escualeno-05-x-30-ml","title":{"rendered":"THE ORDINARY Retinol en escualeno 0,5% x 30 ml"},"content":{"rendered":"<p class=\"_04xlpA direction-ltr align-justify para-style-body\"><span class=\"S1PPyQ\">Retinol puro de 0,5%, que reduce las finas l\u00edneas, el da\u00f1o solar, y el envejecimiento.<\/span><\/p>\n<p class=\"_04xlpA direction-ltr align-justify para-style-body\"><span class=\"S1PPyQ\">El retinol puede causar irritaci\u00f3n, rojeces y descamaci\u00f3n. Se recomienda empezar por la f\u00f3rmula menos concentrada e ir aumentando poco a poco.<\/span><\/p>\n<ul>\n<li>No apto para pieles sensibles<\/li>\n<\/ul>\n","protected":false},"excerpt":{"rendered":"<p class=\"_04xlpA direction-ltr align-justify para-style-body\"><span class=\"S1PPyQ\">Retinol puro de 0,5%, que reduce las finas l\u00edneas, el da\u00f1o solar, y el envejecimiento.<\/span><\/p>\n<p class=\"_04xlpA direction-ltr align-justify para-style-body\"><span class=\"S1PPyQ\">El retinol puede causar irritaci\u00f3n, rojeces y descamaci\u00f3n. Se recomienda empezar por la f\u00f3rmula menos concentrada e ir aumentando poco a poco.<\/span><\/p>\n<ul>\n<li>No apto para pieles sensibles<\/li>\n<\/ul>\n","protected":false},"featured_media":1366,"comment_status":"open","ping_status":"closed","template":"","meta":{"site-sidebar-layout":"default","site-content-layout":"default","ast-global-header-display":"","ast-main-header-display":"","ast-hfb-above-header-display":"","ast-hfb-below-header-display":"","ast-hfb-mobile-header-display":"","site-post-title":"","ast-breadcrumbs-content":"","ast-featured-img":"","footer-sml-layout":"","theme-transparent-header-meta":"default","adv-header-id-meta":"","stick-header-meta":"","header-above-stick-meta":"","header-main-stick-meta":"","header-below-stick-meta":""},"product_brand":[],"product_cat":[19,80],"product_tag":[90,33,50,88,91,89,141,32,71],"class_list":{"0":"post-1364","1":"product","2":"type-product","3":"status-publish","4":"has-post-thumbnail","6":"product_cat-serums","7":"product_cat-the-ordinary","8":"product_tag-antiedad","9":"product_tag-colbeauty","10":"product_tag-cuidado-facial","11":"product_tag-retinol","12":"product_tag-retinol-1","13":"product_tag-retinol-the-ordinary","14":"product_tag-retinol0-5","15":"product_tag-skincare","16":"product_tag-the-ordinary","17":"desktop-align-left","18":"tablet-align-left","19":"mobile-align-left","21":"first","22":"outofstock","23":"shipping-taxable","24":"purchasable","25":"product-type-simple"},"_links":{"self":[{"href":"https:\/\/colbeauty.com.co\/index.php?rest_route=\/wp\/v2\/product\/1364","targetHints":{"allow":["GET"]}}],"collection":[{"href":"https:\/\/colbeauty.com.co\/index.php?rest_route=\/wp\/v2\/product"}],"about":[{"href":"https:\/\/colbeauty.com.co\/index.php?rest_route=\/wp\/v2\/types\/product"}],"replies":[{"embeddable":true,"href":"https:\/\/colbeauty.com.co\/index.php?rest_route=%2Fwp%2Fv2%2Fcomments&post=1364"}],"wp:featuredmedia":[{"embeddable":true,"href":"https:\/\/colbeauty.com.co\/index.php?rest_route=\/wp\/v2\/media\/1366"}],"wp:attachment":[{"href":"https:\/\/colbeauty.com.co\/index.php?rest_route=%2Fwp%2Fv2%2Fmedia&parent=1364"}],"wp:term":[{"taxonomy":"product_brand","embeddable":true,"href":"https:\/\/colbeauty.com.co\/index.php?rest_route=%2Fwp%2Fv2%2Fproduct_brand&post=1364"},{"taxonomy":"product_cat","embeddable":true,"href":"https:\/\/colbeauty.com.co\/index.php?rest_route=%2Fwp%2Fv2%2Fproduct_cat&post=1364"},{"taxonomy":"product_tag","embeddable":true,"href":"https:\/\/colbeauty.com.co\/index.php?rest_route=%2Fwp%2Fv2%2Fproduct_tag&post=1364"}],"curies":[{"name":"wp","href":"https:\/\/api.w.org\/{rel}","templated":true}]}}