{"id":1384,"date":"2023-03-08T16:24:29","date_gmt":"2023-03-08T16:24:29","guid":{"rendered":"https:\/\/colbeauty.com.co\/?post_type=product&#038;p=1384"},"modified":"2024-11-20T00:17:46","modified_gmt":"2024-11-20T00:17:46","slug":"skala-dona-skala","status":"publish","type":"product","link":"https:\/\/colbeauty.com.co\/?product=skala-dona-skala","title":{"rendered":"SKALA Dona Skala"},"content":{"rendered":"<p>Es un tratamiento y crema para peinar liviana, perfecta para tu pelo ondulado y crespo, contiene aceite de girasol, coco, aguacate y linaza, pero no te preocupes que no le cae pesado a tu pelo, por el contrario, lo vas a amar.<\/p>\n<p>\u00bfC\u00d3MO USAR?: Lava con tu shampoo, retira el exceso de humedad y aplicar como crema para peinar por secciones dejando 1cm de tu ra\u00edz, define como m\u00e1s te guste y procede al secado o aplica como tratamiento despu\u00e9s de tu lavado, d\u00e9jalo por 3 minutos y enjuaga. Es LIBERADO y VEGANO<\/p>\n","protected":false},"excerpt":{"rendered":"<p>Es un tratamiento y crema para peinar liviana, perfecta para tu pelo ondulado y crespo, contiene aceite de girasol, coco, aguacate y linaza, pero no te preocupes que no le cae pesado a tu pelo, por el contrario, lo vas a amar.<\/p>\n<p>\u00bfC\u00d3MO USAR?: Lava con tu shampoo, retira el exceso de humedad y aplicar como crema para peinar por secciones dejando 1cm de tu ra\u00edz, define como m\u00e1s te guste y procede al secado o aplica como tratamiento despu\u00e9s de tu lavado, d\u00e9jalo por 3 minutos y enjuaga. Es LIBERADO y VEGANO<\/p>\n","protected":false},"featured_media":1498,"comment_status":"open","ping_status":"closed","template":"","meta":{"site-sidebar-layout":"default","site-content-layout":"default","ast-global-header-display":"","ast-main-header-display":"","ast-hfb-above-header-display":"","ast-hfb-below-header-display":"","ast-hfb-mobile-header-display":"","site-post-title":"","ast-breadcrumbs-content":"","ast-featured-img":"","footer-sml-layout":"","theme-transparent-header-meta":"default","adv-header-id-meta":"","stick-header-meta":"","header-above-stick-meta":"","header-main-stick-meta":"","header-below-stick-meta":""},"product_brand":[],"product_cat":[142,143],"product_tag":[146,157,155,144,156],"class_list":{"0":"post-1384","1":"product","2":"type-product","3":"status-publish","4":"has-post-thumbnail","6":"product_cat-capilar","7":"product_cat-skala","8":"product_tag-capilar","9":"product_tag-cuidado-cabello","10":"product_tag-dona-skala","11":"product_tag-skala","12":"product_tag-tratamiento-capilar","13":"desktop-align-left","14":"tablet-align-left","15":"mobile-align-left","17":"first","18":"outofstock","19":"sale","20":"shipping-taxable","21":"purchasable","22":"product-type-simple"},"_links":{"self":[{"href":"https:\/\/colbeauty.com.co\/index.php?rest_route=\/wp\/v2\/product\/1384","targetHints":{"allow":["GET"]}}],"collection":[{"href":"https:\/\/colbeauty.com.co\/index.php?rest_route=\/wp\/v2\/product"}],"about":[{"href":"https:\/\/colbeauty.com.co\/index.php?rest_route=\/wp\/v2\/types\/product"}],"replies":[{"embeddable":true,"href":"https:\/\/colbeauty.com.co\/index.php?rest_route=%2Fwp%2Fv2%2Fcomments&post=1384"}],"wp:featuredmedia":[{"embeddable":true,"href":"https:\/\/colbeauty.com.co\/index.php?rest_route=\/wp\/v2\/media\/1498"}],"wp:attachment":[{"href":"https:\/\/colbeauty.com.co\/index.php?rest_route=%2Fwp%2Fv2%2Fmedia&parent=1384"}],"wp:term":[{"taxonomy":"product_brand","embeddable":true,"href":"https:\/\/colbeauty.com.co\/index.php?rest_route=%2Fwp%2Fv2%2Fproduct_brand&post=1384"},{"taxonomy":"product_cat","embeddable":true,"href":"https:\/\/colbeauty.com.co\/index.php?rest_route=%2Fwp%2Fv2%2Fproduct_cat&post=1384"},{"taxonomy":"product_tag","embeddable":true,"href":"https:\/\/colbeauty.com.co\/index.php?rest_route=%2Fwp%2Fv2%2Fproduct_tag&post=1384"}],"curies":[{"name":"wp","href":"https:\/\/api.w.org\/{rel}","templated":true}]}}