{"id":1876,"date":"2023-08-17T20:16:45","date_gmt":"2023-08-17T20:16:45","guid":{"rendered":"https:\/\/colbeauty.com.co\/?post_type=product&#038;p=1876"},"modified":"2025-01-18T11:55:11","modified_gmt":"2025-01-18T16:55:11","slug":"good-molecules-exfoliante-quimico-overnight-exfoliating-treatment-x-30-ml","status":"publish","type":"product","link":"https:\/\/colbeauty.com.co\/?product=good-molecules-exfoliante-quimico-overnight-exfoliating-treatment-x-30-ml","title":{"rendered":"GOOD MOLECULES Exfoliante Quimico Overnight Exfoliating Treatment X 30 ml"},"content":{"rendered":"<p>Un tratamiento exfoliante con AHA y BHA que reafirma y renueva la piel durante la noche para que al despertar est\u00e9 m\u00e1s suave y limpia.<\/p>\n<p>Esta mezcla de alfa y beta hidroxi\u00e1cidos al 10% revitaliza y renueva, eliminando las c\u00e9lulas muertas de la piel y destapando los poros para una piel visiblemente m\u00e1s radiante. Este tratamiento disminuye los signos visibles del envejecimiento aportando suavidad y luminosidad gracias al \u00e1cido glic\u00f3lico y el \u00e1cido l\u00e1ctico que exfolian la superficie de la piel. Adem\u00e1s, su f\u00f3rmula reduce los brotes y las imperfecciones, ya que el \u00e1cido salic\u00edlico penetra profundamente los poros para disolver las obstrucciones.<\/p>\n<p>Aplica unas gotas en las noches sobre piel limpia. D\u00e9jelo reposar durante varios minutos antes de continuar con tu rutina de cuidado de piel. Se recomienda usar hasta tres veces por semana. Puede causar irritaci\u00f3n si se usa con retinol u otros \u00e1cidos. Recuerda usar protector solar al d\u00eda siguiente. Si tu piel es muy sensible, te recomendamos usarlo solo una vez por semana hasta que desarrolles tolerancia.<\/p>\n<p>Nota: Este producto contiene una peque\u00f1a cantidad de aceite esencial de c\u00edtricos. Recomendamos probarlo en peque\u00f1a cantidad antes de usarlo. No recomendamos usarlo si tu rutina contiene productos con Retinol y Vitamina C.<\/p>\n","protected":false},"excerpt":{"rendered":"<p>Un tratamiento exfoliante con AHA y BHA que reafirma y renueva la piel durante la noche para que al despertar est\u00e9 m\u00e1s suave y limpia.<\/p>\n<p>Esta mezcla de alfa y beta hidroxi\u00e1cidos al 10% revitaliza y renueva, eliminando las c\u00e9lulas muertas de la piel y destapando los poros para una piel visiblemente m\u00e1s radiante. Este tratamiento disminuye los signos visibles del envejecimiento aportando suavidad y luminosidad gracias al \u00e1cido glic\u00f3lico y el \u00e1cido l\u00e1ctico que exfolian la superficie de la piel. Adem\u00e1s, su f\u00f3rmula reduce los brotes y las imperfecciones, ya que el \u00e1cido salic\u00edlico penetra profundamente los poros para disolver las obstrucciones.<\/p>\n","protected":false},"featured_media":1877,"comment_status":"open","ping_status":"closed","template":"","meta":{"site-sidebar-layout":"default","site-content-layout":"default","ast-global-header-display":"","ast-main-header-display":"","ast-hfb-above-header-display":"","ast-hfb-below-header-display":"","ast-hfb-mobile-header-display":"","site-post-title":"","ast-breadcrumbs-content":"","ast-featured-img":"","footer-sml-layout":"","theme-transparent-header-meta":"default","adv-header-id-meta":"","stick-header-meta":"","header-above-stick-meta":"","header-main-stick-meta":"","header-below-stick-meta":""},"product_brand":[],"product_cat":[167,27],"product_tag":[175,173,168,174,172],"class_list":{"0":"post-1876","1":"product","2":"type-product","3":"status-publish","4":"has-post-thumbnail","6":"product_cat-good-molecules","7":"product_cat-tratamiento","8":"product_tag-aha-bha","9":"product_tag-exfoliante-good-molecules","10":"product_tag-good-molecules","11":"product_tag-good-molecules-colombia","12":"product_tag-overnight-exfoliating-treatment","13":"desktop-align-left","14":"tablet-align-left","15":"mobile-align-left","17":"first","18":"instock","19":"shipping-taxable","20":"purchasable","21":"product-type-simple"},"_links":{"self":[{"href":"https:\/\/colbeauty.com.co\/index.php?rest_route=\/wp\/v2\/product\/1876","targetHints":{"allow":["GET"]}}],"collection":[{"href":"https:\/\/colbeauty.com.co\/index.php?rest_route=\/wp\/v2\/product"}],"about":[{"href":"https:\/\/colbeauty.com.co\/index.php?rest_route=\/wp\/v2\/types\/product"}],"replies":[{"embeddable":true,"href":"https:\/\/colbeauty.com.co\/index.php?rest_route=%2Fwp%2Fv2%2Fcomments&post=1876"}],"wp:featuredmedia":[{"embeddable":true,"href":"https:\/\/colbeauty.com.co\/index.php?rest_route=\/wp\/v2\/media\/1877"}],"wp:attachment":[{"href":"https:\/\/colbeauty.com.co\/index.php?rest_route=%2Fwp%2Fv2%2Fmedia&parent=1876"}],"wp:term":[{"taxonomy":"product_brand","embeddable":true,"href":"https:\/\/colbeauty.com.co\/index.php?rest_route=%2Fwp%2Fv2%2Fproduct_brand&post=1876"},{"taxonomy":"product_cat","embeddable":true,"href":"https:\/\/colbeauty.com.co\/index.php?rest_route=%2Fwp%2Fv2%2Fproduct_cat&post=1876"},{"taxonomy":"product_tag","embeddable":true,"href":"https:\/\/colbeauty.com.co\/index.php?rest_route=%2Fwp%2Fv2%2Fproduct_tag&post=1876"}],"curies":[{"name":"wp","href":"https:\/\/api.w.org\/{rel}","templated":true}]}}