{"id":1881,"date":"2023-08-17T20:26:40","date_gmt":"2023-08-17T20:26:40","guid":{"rendered":"https:\/\/colbeauty.com.co\/?post_type=product&#038;p=1881"},"modified":"2026-03-11T10:28:28","modified_gmt":"2026-03-11T15:28:28","slug":"good-molecules-gel-crema-bha-clarify-x-30-ml","status":"publish","type":"product","link":"https:\/\/colbeauty.com.co\/?product=good-molecules-gel-crema-bha-clarify-x-30-ml","title":{"rendered":"GOOD MOLECULES Gel crema BHA Clarify X 30 ml"},"content":{"rendered":"<p>Una hidratante en gel que ayuda a calmar la piel irritada y propensa a las imperfecciones. Su f\u00f3rmula de textura ligera est\u00e1 hecha con una mezcla de \u00e1cido salic\u00edlico al 0.4% para combatir los brotes, extracto de t\u00e9 verde y centella asi\u00e1tica para calmar la irritaci\u00f3n, y aceites de granada y semilla de uva para hidratar la piel sin obstruir los poros. Sirve para todo tipo de piel pero es ideal para pieles mixtas a grasas o con tendencia al acn\u00e9.<\/p>\n<p>Ingredientes Clave:<br \/>\n&#8211; \u00c1cido Salic\u00edlico: exfolia suavemente la piel, llegando hasta los poros, para ayudar a combatir los brotes y las imperfecciones<br \/>\n&#8211; Extracto de T\u00e9 Verde y Centella Asi\u00e1tica: calman la piel irritada<br \/>\n&#8211; Aceite de Granada y Semilla de Uva: hidratan la piel sin obstruir los poros<\/p>\n","protected":false},"excerpt":{"rendered":"<p>Una hidratante en gel que ayuda a calmar la piel irritada y propensa a las imperfecciones. Su f\u00f3rmula de textura ligera est\u00e1 hecha con una mezcla de \u00e1cido salic\u00edlico al 0.4% para combatir los brotes, extracto de t\u00e9 verde y centella asi\u00e1tica para calmar la irritaci\u00f3n, y aceites de granada y semilla de uva para hidratar la piel sin obstruir los poros. Sirve para todo tipo de piel pero es ideal para pieles mixtas a grasas o con tendencia al acn\u00e9.<\/p>\n<p>Ingredientes Clave:<br \/>\n&#8211; \u00c1cido Salic\u00edlico: exfolia suavemente la piel, llegando hasta los poros, para ayudar a combatir los brotes y las imperfecciones<br \/>\n&#8211; Extracto de T\u00e9 Verde y Centella Asi\u00e1tica: calman la piel irritada<br \/>\n&#8211; Aceite de Granada y Semilla de Uva: hidratan la piel sin obstruir los poros<\/p>\n","protected":false},"featured_media":1882,"comment_status":"open","ping_status":"closed","template":"","meta":{"site-sidebar-layout":"default","site-content-layout":"default","ast-global-header-display":"","ast-main-header-display":"","ast-hfb-above-header-display":"","ast-hfb-below-header-display":"","ast-hfb-mobile-header-display":"","site-post-title":"","ast-breadcrumbs-content":"","ast-featured-img":"","footer-sml-layout":"","theme-transparent-header-meta":"default","adv-header-id-meta":"","stick-header-meta":"","header-above-stick-meta":"","header-main-stick-meta":"","header-below-stick-meta":""},"product_brand":[],"product_cat":[167,21],"product_tag":[176,177,168,174,38],"class_list":{"0":"post-1881","1":"product","2":"type-product","3":"status-publish","4":"has-post-thumbnail","6":"product_cat-good-molecules","7":"product_cat-hidratantes","8":"product_tag-bha-clarify","9":"product_tag-clarify-good-molecules","10":"product_tag-good-molecules","11":"product_tag-good-molecules-colombia","12":"product_tag-hidratante","13":"desktop-align-left","14":"tablet-align-left","15":"mobile-align-left","17":"first","18":"outofstock","19":"sale","20":"shipping-taxable","21":"purchasable","22":"product-type-simple"},"_links":{"self":[{"href":"https:\/\/colbeauty.com.co\/index.php?rest_route=\/wp\/v2\/product\/1881","targetHints":{"allow":["GET"]}}],"collection":[{"href":"https:\/\/colbeauty.com.co\/index.php?rest_route=\/wp\/v2\/product"}],"about":[{"href":"https:\/\/colbeauty.com.co\/index.php?rest_route=\/wp\/v2\/types\/product"}],"replies":[{"embeddable":true,"href":"https:\/\/colbeauty.com.co\/index.php?rest_route=%2Fwp%2Fv2%2Fcomments&post=1881"}],"wp:featuredmedia":[{"embeddable":true,"href":"https:\/\/colbeauty.com.co\/index.php?rest_route=\/wp\/v2\/media\/1882"}],"wp:attachment":[{"href":"https:\/\/colbeauty.com.co\/index.php?rest_route=%2Fwp%2Fv2%2Fmedia&parent=1881"}],"wp:term":[{"taxonomy":"product_brand","embeddable":true,"href":"https:\/\/colbeauty.com.co\/index.php?rest_route=%2Fwp%2Fv2%2Fproduct_brand&post=1881"},{"taxonomy":"product_cat","embeddable":true,"href":"https:\/\/colbeauty.com.co\/index.php?rest_route=%2Fwp%2Fv2%2Fproduct_cat&post=1881"},{"taxonomy":"product_tag","embeddable":true,"href":"https:\/\/colbeauty.com.co\/index.php?rest_route=%2Fwp%2Fv2%2Fproduct_tag&post=1881"}],"curies":[{"name":"wp","href":"https:\/\/api.w.org\/{rel}","templated":true}]}}