{"id":1887,"date":"2023-08-17T20:39:09","date_gmt":"2023-08-17T20:39:09","guid":{"rendered":"https:\/\/colbeauty.com.co\/?post_type=product&#038;p=1887"},"modified":"2026-03-11T10:43:10","modified_gmt":"2026-03-11T15:43:10","slug":"good-molecules-tonico-niacinamida-x-30-ml","status":"publish","type":"product","link":"https:\/\/colbeauty.com.co\/?product=good-molecules-tonico-niacinamida-x-30-ml","title":{"rendered":"GOOD MOLECULES Tonico Niacinamida X 30 ml"},"content":{"rendered":"<p>Un t\u00f3nico iluminador de uso diario que deja la piel radiante, uniforme y con poros menos visibles. Est\u00e1 formulado con una mezcla relajante de ingredientes iluminadores que trabajan para reducir la apariencia de la opacidad, el tono desigual de la piel y los poros dilatados.<\/p>\n<p>Contiene niacinamida (vitamina B3) y arbutina de origen natural que tratan la hiperpigmentaci\u00f3n, aportan luminosidad y reducen la apariencia de los poros, mientras fortalecen la barrera de la piel. Tambi\u00e9n contiene extracto de ra\u00edz de regaliz que alivia la inflamaci\u00f3n e inhibe el exceso de producci\u00f3n de melanina. Est\u00e1 hecho especialmente para aumentar la capacidad de la piel para defenderse del da\u00f1o de los radicales libres y promover la producci\u00f3n de col\u00e1geno gracias a su contenido de vitamina C estable.<\/p>\n","protected":false},"excerpt":{"rendered":"<p>Un t\u00f3nico iluminador de uso diario que deja la piel radiante, uniforme y con poros menos visibles. Est\u00e1 formulado con una mezcla relajante de ingredientes iluminadores que trabajan para reducir la apariencia de la opacidad, el tono desigual de la piel y los poros dilatados.<\/p>\n<p>Contiene niacinamida (vitamina B3) y arbutina de origen natural que tratan la hiperpigmentaci\u00f3n, aportan luminosidad y reducen la apariencia de los poros, mientras fortalecen la barrera de la piel. Tambi\u00e9n contiene extracto de ra\u00edz de regaliz que alivia la inflamaci\u00f3n e inhibe el exceso de producci\u00f3n de melanina. Est\u00e1 hecho especialmente para aumentar la capacidad de la piel para defenderse del da\u00f1o de los radicales libres y promover la producci\u00f3n de col\u00e1geno gracias a su contenido de vitamina C estable.<\/p>\n","protected":false},"featured_media":1888,"comment_status":"open","ping_status":"closed","template":"","meta":{"site-sidebar-layout":"default","site-content-layout":"default","ast-global-header-display":"","ast-main-header-display":"","ast-hfb-above-header-display":"","ast-hfb-below-header-display":"","ast-hfb-mobile-header-display":"","site-post-title":"","ast-breadcrumbs-content":"","ast-featured-img":"","footer-sml-layout":"","theme-transparent-header-meta":"default","adv-header-id-meta":"","stick-header-meta":"","header-above-stick-meta":"","header-main-stick-meta":"","header-below-stick-meta":""},"product_brand":[],"product_cat":[167,26],"product_tag":[168,174,179,178],"class_list":{"0":"post-1887","1":"product","2":"type-product","3":"status-publish","4":"has-post-thumbnail","6":"product_cat-good-molecules","7":"product_cat-tonico","8":"product_tag-good-molecules","9":"product_tag-good-molecules-colombia","10":"product_tag-niacinamida-good-molecules","11":"product_tag-tonico-niacinamida","12":"desktop-align-left","13":"tablet-align-left","14":"mobile-align-left","16":"first","17":"outofstock","18":"shipping-taxable","19":"purchasable","20":"product-type-simple"},"_links":{"self":[{"href":"https:\/\/colbeauty.com.co\/index.php?rest_route=\/wp\/v2\/product\/1887","targetHints":{"allow":["GET"]}}],"collection":[{"href":"https:\/\/colbeauty.com.co\/index.php?rest_route=\/wp\/v2\/product"}],"about":[{"href":"https:\/\/colbeauty.com.co\/index.php?rest_route=\/wp\/v2\/types\/product"}],"replies":[{"embeddable":true,"href":"https:\/\/colbeauty.com.co\/index.php?rest_route=%2Fwp%2Fv2%2Fcomments&post=1887"}],"wp:featuredmedia":[{"embeddable":true,"href":"https:\/\/colbeauty.com.co\/index.php?rest_route=\/wp\/v2\/media\/1888"}],"wp:attachment":[{"href":"https:\/\/colbeauty.com.co\/index.php?rest_route=%2Fwp%2Fv2%2Fmedia&parent=1887"}],"wp:term":[{"taxonomy":"product_brand","embeddable":true,"href":"https:\/\/colbeauty.com.co\/index.php?rest_route=%2Fwp%2Fv2%2Fproduct_brand&post=1887"},{"taxonomy":"product_cat","embeddable":true,"href":"https:\/\/colbeauty.com.co\/index.php?rest_route=%2Fwp%2Fv2%2Fproduct_cat&post=1887"},{"taxonomy":"product_tag","embeddable":true,"href":"https:\/\/colbeauty.com.co\/index.php?rest_route=%2Fwp%2Fv2%2Fproduct_tag&post=1887"}],"curies":[{"name":"wp","href":"https:\/\/api.w.org\/{rel}","templated":true}]}}