{"id":1898,"date":"2023-08-17T22:25:49","date_gmt":"2023-08-17T22:25:49","guid":{"rendered":"https:\/\/colbeauty.com.co\/?post_type=product&#038;p=1898"},"modified":"2025-01-18T11:55:11","modified_gmt":"2025-01-18T16:55:11","slug":"la-roche-posay-redermic-retinol-crema-x-30-ml","status":"publish","type":"product","link":"https:\/\/colbeauty.com.co\/?product=la-roche-posay-redermic-retinol-crema-x-30-ml","title":{"rendered":"LA ROCHE POSAY Redermic Retinol Crema X 30 ml"},"content":{"rendered":"<p>Concentrado antiedad intensivo con Retinol al 0.1%. Corrige arrugas profundas y reduce la apariencia de manchas leves causadas por el sol. homogenizando el tono de la piel.<\/p>\n<p class=\"medipielsa-components-0-x-specs_item medipielsa-components-0-x-specs_item_values\">Evitar la exposici\u00f3n a los rayos UV. Aplicar diariamente protector con un SPF = 50. No utilizar en combinaci\u00f3n con otros productos que contengan retinol. Si despu\u00e9s de las primeras aplicaciones aparecen sensaciones de inconfort, espacie las aplicaciones hasta que la piel se habit\u00fae al retinol. Evite el contacto con los ojos.<\/p>\n","protected":false},"excerpt":{"rendered":"<p>Concentrado antiedad intensivo con Retinol al 0.1%. Corrige arrugas profundas y reduce la apariencia de manchas leves causadas por el sol. homogenizando el tono de la piel.<\/p>\n<p class=\"medipielsa-components-0-x-specs_item medipielsa-components-0-x-specs_item_values\">Evitar la exposici\u00f3n a los rayos UV. Aplicar diariamente protector con un SPF = 50. No utilizar en combinaci\u00f3n con otros productos que contengan retinol. Si despu\u00e9s de las primeras aplicaciones aparecen sensaciones de inconfort, espacie las aplicaciones hasta que la piel se habit\u00fae al retinol. Evite el contacto con los ojos.<\/p>\n","protected":false},"featured_media":1900,"comment_status":"open","ping_status":"closed","template":"","meta":{"site-sidebar-layout":"default","site-content-layout":"default","ast-global-header-display":"","ast-main-header-display":"","ast-hfb-above-header-display":"","ast-hfb-below-header-display":"","ast-hfb-mobile-header-display":"","site-post-title":"","ast-breadcrumbs-content":"","ast-featured-img":"","footer-sml-layout":"","theme-transparent-header-meta":"default","adv-header-id-meta":"","stick-header-meta":"","header-above-stick-meta":"","header-main-stick-meta":"","header-below-stick-meta":""},"product_brand":[],"product_cat":[81,27],"product_tag":[35,185,187,186],"class_list":{"0":"post-1898","1":"product","2":"type-product","3":"status-publish","4":"has-post-thumbnail","6":"product_cat-la-roche-posay","7":"product_cat-tratamiento","8":"product_tag-la-roche-posay","9":"product_tag-la-roche-posay-redermic","10":"product_tag-retinol-la-roche-posay","11":"product_tag-retinol-redermic","12":"desktop-align-left","13":"tablet-align-left","14":"mobile-align-left","16":"first","17":"instock","18":"shipping-taxable","19":"purchasable","20":"product-type-simple"},"_links":{"self":[{"href":"https:\/\/colbeauty.com.co\/index.php?rest_route=\/wp\/v2\/product\/1898","targetHints":{"allow":["GET"]}}],"collection":[{"href":"https:\/\/colbeauty.com.co\/index.php?rest_route=\/wp\/v2\/product"}],"about":[{"href":"https:\/\/colbeauty.com.co\/index.php?rest_route=\/wp\/v2\/types\/product"}],"replies":[{"embeddable":true,"href":"https:\/\/colbeauty.com.co\/index.php?rest_route=%2Fwp%2Fv2%2Fcomments&post=1898"}],"wp:featuredmedia":[{"embeddable":true,"href":"https:\/\/colbeauty.com.co\/index.php?rest_route=\/wp\/v2\/media\/1900"}],"wp:attachment":[{"href":"https:\/\/colbeauty.com.co\/index.php?rest_route=%2Fwp%2Fv2%2Fmedia&parent=1898"}],"wp:term":[{"taxonomy":"product_brand","embeddable":true,"href":"https:\/\/colbeauty.com.co\/index.php?rest_route=%2Fwp%2Fv2%2Fproduct_brand&post=1898"},{"taxonomy":"product_cat","embeddable":true,"href":"https:\/\/colbeauty.com.co\/index.php?rest_route=%2Fwp%2Fv2%2Fproduct_cat&post=1898"},{"taxonomy":"product_tag","embeddable":true,"href":"https:\/\/colbeauty.com.co\/index.php?rest_route=%2Fwp%2Fv2%2Fproduct_tag&post=1898"}],"curies":[{"name":"wp","href":"https:\/\/api.w.org\/{rel}","templated":true}]}}